{"id":1840,"date":"2023-04-12T21:15:10","date_gmt":"2023-04-12T21:15:10","guid":{"rendered":"https:\/\/luxtechweb.com\/?page_id=1840"},"modified":"2026-03-24T04:32:32","modified_gmt":"2026-03-24T04:32:32","slug":"pricing","status":"publish","type":"page","link":"https:\/\/luxtechweb.com\/fr\/pricing\/","title":{"rendered":"Tarification"},"content":{"rendered":"<div data-elementor-type=\"wp-page\" data-elementor-id=\"1840\" class=\"elementor elementor-1840\">\n\t\t\t\t\t\t<section class=\"elementor-section elementor-top-section elementor-element elementor-element-62fa9783 elementor-section-content-middle elementor-reverse-mobile elementor-section-boxed elementor-section-height-default elementor-section-height-default\" data-id=\"62fa9783\" data-element_type=\"section\" data-e-type=\"section\" data-settings=\"{&quot;background_background&quot;:&quot;gradient&quot;,&quot;shape_divider_bottom&quot;:&quot;curve&quot;,&quot;shape_divider_bottom_negative&quot;:&quot;yes&quot;}\">\n\t\t\t\t\t<div class=\"elementor-shape elementor-shape-bottom\" aria-hidden=\"true\" data-negative=\"true\">\n\t\t\t<svg xmlns=\"http:\/\/www.w3.org\/2000\/svg\" viewbox=\"0 0 1000 100\" preserveaspectratio=\"none\">\n\t<path class=\"elementor-shape-fill\" d=\"M500,97C126.7,96.3,0.8,19.8,0,0v100l1000,0V1C1000,19.4,873.3,97.8,500,97z\"\/>\n<\/svg>\t\t<\/div>\n\t\t\t\t\t<div class=\"elementor-container elementor-column-gap-no\">\n\t\t\t\t\t<div class=\"elementor-column elementor-col-50 elementor-top-column elementor-element elementor-element-468b1e5d\" data-id=\"468b1e5d\" data-element_type=\"column\" data-e-type=\"column\">\n\t\t\t<div class=\"elementor-widget-wrap elementor-element-populated\">\n\t\t\t\t\t\t<div class=\"elementor-element elementor-element-5a5898a elementor-widget elementor-widget-spacer\" data-id=\"5a5898a\" data-element_type=\"widget\" data-e-type=\"widget\" data-widget_type=\"spacer.default\">\n\t\t\t\t<div class=\"elementor-widget-container\">\n\t\t\t\t\t\t\t<div class=\"elementor-spacer\">\n\t\t\t<div class=\"elementor-spacer-inner\"><\/div>\n\t\t<\/div>\n\t\t\t\t\t\t<\/div>\n\t\t\t\t<\/div>\n\t\t\t\t<div class=\"elementor-element elementor-element-d6b25b3 elementor-widget elementor-widget-elementskit-heading\" data-id=\"d6b25b3\" data-element_type=\"widget\" data-e-type=\"widget\" data-widget_type=\"elementskit-heading.default\">\n\t\t\t\t<div class=\"elementor-widget-container\">\n\t\t\t\t\t<div class=\"ekit-wid-con\" ><div class=\"ekit-heading elementskit-section-title-wraper text_left   ekit_heading_tablet-   ekit_heading_mobile-\"><h2 class=\"ekit-heading--title elementskit-section-title\">Tarification personnalis\u00e9e structur\u00e9e pour votre succ\u00e8s!<\/h2>\t\t\t\t<div class='ekit-heading__description'>\n\t\t\t\t\t<p>Chez Luxtech Web, notre service se distingue de nos concurrents par sa rapidit\u00e9, sa qualit\u00e9 sup\u00e9rieure et son engagement \u00e0 vous faciliter la vie. Nous sommes fiers de vous offrir une exp\u00e9rience fluide du d\u00e9but \u00e0 la fin, sans que vous ayez \u00e0 lever le petit doigt. De plus, nos prix peuvent \u00eatre jusqu'\u00e0 50% moins chers que ceux de nos concurrents. Que demander de plus?<\/p>\n\t\t\t\t<\/div>\n\t\t\t<\/div><\/div>\t\t\t\t<\/div>\n\t\t\t\t<\/div>\n\t\t\t\t<div class=\"elementor-element elementor-element-3bb8a28 elementor-widget elementor-widget-spacer\" data-id=\"3bb8a28\" data-element_type=\"widget\" data-e-type=\"widget\" data-widget_type=\"spacer.default\">\n\t\t\t\t<div class=\"elementor-widget-container\">\n\t\t\t\t\t\t\t<div class=\"elementor-spacer\">\n\t\t\t<div class=\"elementor-spacer-inner\"><\/div>\n\t\t<\/div>\n\t\t\t\t\t\t<\/div>\n\t\t\t\t<\/div>\n\t\t\t\t\t<\/div>\n\t\t<\/div>\n\t\t\t\t<div class=\"elementor-column elementor-col-50 elementor-top-column elementor-element elementor-element-617eab80\" data-id=\"617eab80\" data-element_type=\"column\" data-e-type=\"column\">\n\t\t\t<div class=\"elementor-widget-wrap elementor-element-populated\">\n\t\t\t\t\t\t<div class=\"elementor-element elementor-element-fbba43a elementor-widget elementor-widget-image\" data-id=\"fbba43a\" data-element_type=\"widget\" data-e-type=\"widget\" data-widget_type=\"image.default\">\n\t\t\t\t<div class=\"elementor-widget-container\">\n\t\t\t\t\t\t\t\t\t\t\t\t\t\t\t<img fetchpriority=\"high\" decoding=\"async\" width=\"650\" height=\"398\" src=\"https:\/\/luxtechweb.com\/wp-content\/uploads\/2023\/04\/slider_img-1.png\" class=\"attachment-large size-large wp-image-1843\" alt=\"\" srcset=\"https:\/\/luxtechweb.com\/wp-content\/uploads\/2023\/04\/slider_img-1.png 650w, https:\/\/luxtechweb.com\/wp-content\/uploads\/2023\/04\/slider_img-1-300x184.png 300w\" sizes=\"(max-width: 650px) 100vw, 650px\" \/>\t\t\t\t\t\t\t\t\t\t\t\t\t\t\t<\/div>\n\t\t\t\t<\/div>\n\t\t\t\t\t<\/div>\n\t\t<\/div>\n\t\t\t\t\t<\/div>\n\t\t<\/section>\n\t\t\t\t<section class=\"elementor-section elementor-top-section elementor-element elementor-element-46806e5 elementor-hidden-phone elementor-section-boxed elementor-section-height-default elementor-section-height-default\" data-id=\"46806e5\" data-element_type=\"section\" data-e-type=\"section\" data-settings=\"{&quot;background_background&quot;:&quot;classic&quot;}\">\n\t\t\t\t\t\t<div class=\"elementor-container elementor-column-gap-no\">\n\t\t\t\t\t<div class=\"elementor-column elementor-col-100 elementor-top-column elementor-element elementor-element-7b3bb71d\" data-id=\"7b3bb71d\" data-element_type=\"column\" data-e-type=\"column\">\n\t\t\t<div class=\"elementor-widget-wrap elementor-element-populated\">\n\t\t\t\t\t\t<div class=\"elementor-element elementor-element-6b939063 elementor-widget elementor-widget-spacer\" data-id=\"6b939063\" data-element_type=\"widget\" data-e-type=\"widget\" data-widget_type=\"spacer.default\">\n\t\t\t\t<div class=\"elementor-widget-container\">\n\t\t\t\t\t\t\t<div class=\"elementor-spacer\">\n\t\t\t<div class=\"elementor-spacer-inner\"><\/div>\n\t\t<\/div>\n\t\t\t\t\t\t<\/div>\n\t\t\t\t<\/div>\n\t\t\t\t\t<\/div>\n\t\t<\/div>\n\t\t\t\t\t<\/div>\n\t\t<\/section>\n\t\t\t\t<section class=\"elementor-section elementor-top-section elementor-element elementor-element-5a686d7d elementor-hidden-phone elementor-section-boxed elementor-section-height-default elementor-section-height-default\" data-id=\"5a686d7d\" data-element_type=\"section\" data-e-type=\"section\" data-settings=\"{&quot;background_background&quot;:&quot;classic&quot;}\">\n\t\t\t\t\t\t<div class=\"elementor-container elementor-column-gap-no\">\n\t\t\t\t\t<div class=\"elementor-column elementor-col-33 elementor-top-column elementor-element elementor-element-2101622\" data-id=\"2101622\" data-element_type=\"column\" data-e-type=\"column\">\n\t\t\t<div class=\"elementor-widget-wrap\">\n\t\t\t\t\t\t\t<\/div>\n\t\t<\/div>\n\t\t\t\t<div class=\"elementor-column elementor-col-33 elementor-top-column elementor-element elementor-element-1446d5e9\" data-id=\"1446d5e9\" data-element_type=\"column\" data-e-type=\"column\">\n\t\t\t<div class=\"elementor-widget-wrap elementor-element-populated\">\n\t\t\t\t\t\t<div class=\"elementor-element elementor-element-1588061a elementor-widget__width-initial elementor-widget elementor-widget-elementskit-heading\" data-id=\"1588061a\" data-element_type=\"widget\" data-e-type=\"widget\" data-widget_type=\"elementskit-heading.default\">\n\t\t\t\t<div class=\"elementor-widget-container\">\n\t\t\t\t\t<div class=\"ekit-wid-con\" ><div class=\"ekit-heading elementskit-section-title-wraper text_center   ekit_heading_tablet-   ekit_heading_mobile-\"><h2 class=\"ekit-heading--title elementskit-section-title\">Nos plans tarifaires<\/h2><div class=\"ekit_heading_separetor_wraper ekit_heading_ekit_border_custom\"><div class=\"ekit_border_custom\"><img decoding=\"async\" width=\"134\" height=\"16\" data-src=\"https:\/\/luxtechweb.com\/wp-content\/uploads\/2023\/04\/custom-seperator.png\" class=\"attachment-large size-large wp-image-1855 lazyload\" alt=\"\" src=\"data:image\/svg+xml;base64,PHN2ZyB3aWR0aD0iMSIgaGVpZ2h0PSIxIiB4bWxucz0iaHR0cDovL3d3dy53My5vcmcvMjAwMC9zdmciPjwvc3ZnPg==\" style=\"--smush-placeholder-width: 134px; --smush-placeholder-aspect-ratio: 134\/16;\" \/><\/div><\/div><\/div><\/div>\t\t\t\t<\/div>\n\t\t\t\t<\/div>\n\t\t\t\t\t<\/div>\n\t\t<\/div>\n\t\t\t\t<div class=\"elementor-column elementor-col-33 elementor-top-column elementor-element elementor-element-14bdba45\" data-id=\"14bdba45\" data-element_type=\"column\" data-e-type=\"column\">\n\t\t\t<div class=\"elementor-widget-wrap\">\n\t\t\t\t\t\t\t<\/div>\n\t\t<\/div>\n\t\t\t\t\t<\/div>\n\t\t<\/section>\n\t\t\t\t<section class=\"elementor-section elementor-top-section elementor-element elementor-element-1065e9d elementor-section-boxed elementor-section-height-default elementor-section-height-default\" data-id=\"1065e9d\" data-element_type=\"section\" data-e-type=\"section\">\n\t\t\t\t\t\t<div class=\"elementor-container elementor-column-gap-default\">\n\t\t\t\t\t<div class=\"elementor-column elementor-col-100 elementor-top-column elementor-element elementor-element-8fe11e3\" data-id=\"8fe11e3\" data-element_type=\"column\" data-e-type=\"column\">\n\t\t\t<div class=\"elementor-widget-wrap elementor-element-populated\">\n\t\t\t\t\t\t<div class=\"elementor-element elementor-element-ab36360 elementor-widget elementor-widget-text-editor\" data-id=\"ab36360\" data-element_type=\"widget\" data-e-type=\"widget\" data-widget_type=\"text-editor.default\">\n\t\t\t\t<div class=\"elementor-widget-container\">\n\t\t\t\t\t\t\t\t\t<h5>Vous voulez que votre entreprise gagne de l'argent, n'est-ce pas? Nous sommes l\u00e0 pour que cela se produise! Chez Luxtech Web, notre objectif principal est de nous assurer que votre entreprise conna\u00eet un succ\u00e8s retentissant, et cela commence par un plan tarifaire sp\u00e9cial fait juste pour vous. Nous savons que chaque entreprise est diff\u00e9rente, donc nous ne croyons pas en des prix uniformes pour tous. Au contraire, nous voulons en savoir plus sur vos objectifs, vos besoins et votre budget. De cette fa\u00e7on, nous pouvons \u00e9laborer un plan qui vous convient parfaitement.<\/h5><h5>Voici comment cela fonctionne: nous commen\u00e7ons par une consultation gratuite de 15 minutes, lors de laquelle nous \u00e9couterons vos id\u00e9es, poserons des questions importantes et comprendrons ce dont vous avez besoin en ligne. Une fois que nous connaissons parfaitement votre entreprise, nous pouvons vous sugg\u00e9rer les meilleures fa\u00e7ons de booster votre pr\u00e9sence en ligne et obtenir des r\u00e9sultats incroyables.<\/h5><h5>Notre \u00e9quipe d'experts sera avec vous \u00e0 chaque \u00e9tape. Besoin d'un site web moderne, d'un solide plan de marketing en ligne ou de services de r\u00e9f\u00e9rencement pour vous faire remarquer? Nous sommes l\u00e0 pour vous soutenir avec toute notre expertise et notre passion.<\/h5><h5>Pr\u00eat \u00e0 commencer? Contactez-nous aujourd'hui pour mettre en place votre consultation gratuite. Nous avons h\u00e2te de discuter avec vous, d'en apprendre davantage sur votre entreprise et d'\u00e9laborer un plan qui correspond \u00e0 vos besoins et \u00e0 votre budget. Chez Luxtech Web, nous misons sur l'ouverture et l'honn\u00eatet\u00e9, et nous nous engageons \u00e0 vous offrir une offre \u00e9quitable et comp\u00e9titive.<\/h5><p>\u00a0<\/p><p>\u00a0<\/p>\t\t\t\t\t\t\t\t<\/div>\n\t\t\t\t<\/div>\n\t\t\t\t<div class=\"elementor-element elementor-element-4b70dda elementor-widget elementor-widget-heading\" data-id=\"4b70dda\" data-element_type=\"widget\" data-e-type=\"widget\" data-widget_type=\"heading.default\">\n\t\t\t\t<div class=\"elementor-widget-container\">\n\t\t\t\t\t<h2 class=\"elementor-heading-title elementor-size-large\">Alors, faisons de votre entreprise un succ\u00e8s ensemble!<\/h2>\t\t\t\t<\/div>\n\t\t\t\t<\/div>\n\t\t\t\t<div class=\"elementor-element elementor-element-822f6b1 elementor-widget elementor-widget-heading\" data-id=\"822f6b1\" data-element_type=\"widget\" data-e-type=\"widget\" data-widget_type=\"heading.default\">\n\t\t\t\t<div class=\"elementor-widget-container\">\n\t\t\t\t\t<h2 class=\"elementor-heading-title elementor-size-medium\"><h2 class=\"elementor-heading-title elementor-size-large elementor-inline-editing pen\" data-elementor-setting-key=\"title\" data-pen-placeholder=\"Type Here...\" style=\"font-style: normal\">Contactez-nous d\u00e8s maintenant pour votre consultation gratuite.<\/h2><\/h2>\t\t\t\t<\/div>\n\t\t\t\t<\/div>\n\t\t\t\t<div class=\"elementor-element elementor-element-43b498a elementor-align-center elementor-widget elementor-widget-button\" data-id=\"43b498a\" data-element_type=\"widget\" data-e-type=\"widget\" data-widget_type=\"button.default\">\n\t\t\t\t<div class=\"elementor-widget-container\">\n\t\t\t\t\t\t\t\t\t<div class=\"elementor-button-wrapper\">\n\t\t\t\t\t<a class=\"elementor-button elementor-button-link elementor-size-sm\" href=\"https:\/\/luxtechweb.com\/fr\/contact\/\">\n\t\t\t\t\t\t<span class=\"elementor-button-content-wrapper\">\n\t\t\t\t\t\t\t\t\t<span class=\"elementor-button-text\">Contactez-nous<\/span>\n\t\t\t\t\t<\/span>\n\t\t\t\t\t<\/a>\n\t\t\t\t<\/div>\n\t\t\t\t\t\t\t\t<\/div>\n\t\t\t\t<\/div>\n\t\t\t\t\t<\/div>\n\t\t<\/div>\n\t\t\t\t\t<\/div>\n\t\t<\/section>\n\t\t\t\t<\/div>","protected":false},"excerpt":{"rendered":"<p>Personalized Pricing Structured for Your Success! At Luxtech Web, our service stands out from our competitors with its speed, superior quality, and commitment to making your life easier. We pride ourselves in offering you a seamless experience from start to finish, without you having to lift a finger. Furthermore, our prices can be up to &hellip;<\/p>\n<p class=\"read-more\"> <a class=\"\" href=\"https:\/\/luxtechweb.com\/fr\/pricing\/\"> <span class=\"screen-reader-text\">Tarification<\/span> Read More \u00bb<\/a><\/p>","protected":false},"author":1,"featured_media":0,"parent":0,"menu_order":0,"comment_status":"closed","ping_status":"closed","template":"","meta":{"_uag_custom_page_level_css":"","site-sidebar-layout":"no-sidebar","site-content-layout":"page-builder","ast-site-content-layout":"full-width-container","site-content-style":"unboxed","site-sidebar-style":"unboxed","ast-global-header-display":"","ast-banner-title-visibility":"","ast-main-header-display":"","ast-hfb-above-header-display":"","ast-hfb-below-header-display":"","ast-hfb-mobile-header-display":"","site-post-title":"disabled","ast-breadcrumbs-content":"","ast-featured-img":"disabled","footer-sml-layout":"","theme-transparent-header-meta":"","adv-header-id-meta":"","stick-header-meta":"","header-above-stick-meta":"","header-main-stick-meta":"","header-below-stick-meta":"","astra-migrate-meta-layouts":"set","footnotes":""},"class_list":["post-1840","page","type-page","status-publish","hentry"],"yoast_head":"<!-- This site is optimized with the Yoast SEO plugin v27.4 - https:\/\/yoast.com\/product\/yoast-seo-wordpress\/ -->\n<title>Pricing - Luxtech Web Agency Personalized Pricing<\/title>\n<meta name=\"description\" content=\"online marketing plan, seo, business\" \/>\n<meta name=\"robots\" content=\"index, follow, max-snippet:-1, max-image-preview:large, max-video-preview:-1\" \/>\n<link rel=\"canonical\" href=\"https:\/\/luxtechweb.com\/fr\/pricing\/\" \/>\n<meta property=\"og:locale\" content=\"fr_CA\" \/>\n<meta property=\"og:type\" content=\"article\" \/>\n<meta property=\"og:title\" content=\"Pricing - Luxtech Web Agency Personalized Pricing\" \/>\n<meta property=\"og:description\" content=\"online marketing plan, seo, business\" \/>\n<meta property=\"og:url\" content=\"https:\/\/luxtechweb.com\/fr\/pricing\/\" \/>\n<meta property=\"og:site_name\" content=\"Luxtech Web Agency\" \/>\n<meta property=\"article:modified_time\" content=\"2026-03-24T04:32:32+00:00\" \/>\n<meta property=\"og:image\" content=\"http:\/\/luxtechweb.com\/wp-content\/uploads\/2023\/04\/slider_img-1.png\" \/>\n<meta name=\"twitter:card\" content=\"summary_large_image\" \/>\n<meta name=\"twitter:label1\" content=\"Estimation du temps de lecture\" \/>\n\t<meta name=\"twitter:data1\" content=\"2 minutes\" \/>\n<script type=\"application\/ld+json\" class=\"yoast-schema-graph\">{\"@context\":\"https:\\\/\\\/schema.org\",\"@graph\":[{\"@type\":\"WebPage\",\"@id\":\"https:\\\/\\\/luxtechweb.com\\\/pricing\\\/\",\"url\":\"https:\\\/\\\/luxtechweb.com\\\/pricing\\\/\",\"name\":\"Pricing - Luxtech Web Agency Personalized Pricing\",\"isPartOf\":{\"@id\":\"https:\\\/\\\/3.99.75.53\\\/#website\"},\"primaryImageOfPage\":{\"@id\":\"https:\\\/\\\/luxtechweb.com\\\/pricing\\\/#primaryimage\"},\"image\":{\"@id\":\"https:\\\/\\\/luxtechweb.com\\\/pricing\\\/#primaryimage\"},\"thumbnailUrl\":\"http:\\\/\\\/luxtechweb.com\\\/wp-content\\\/uploads\\\/2023\\\/04\\\/slider_img-1.png\",\"datePublished\":\"2023-04-12T21:15:10+00:00\",\"dateModified\":\"2026-03-24T04:32:32+00:00\",\"description\":\"online marketing plan, seo, business\",\"breadcrumb\":{\"@id\":\"https:\\\/\\\/luxtechweb.com\\\/pricing\\\/#breadcrumb\"},\"inLanguage\":\"fr-CA\",\"potentialAction\":[{\"@type\":\"ReadAction\",\"target\":[\"https:\\\/\\\/luxtechweb.com\\\/pricing\\\/\"]}]},{\"@type\":\"ImageObject\",\"inLanguage\":\"fr-CA\",\"@id\":\"https:\\\/\\\/luxtechweb.com\\\/pricing\\\/#primaryimage\",\"url\":\"http:\\\/\\\/luxtechweb.com\\\/wp-content\\\/uploads\\\/2023\\\/04\\\/slider_img-1.png\",\"contentUrl\":\"http:\\\/\\\/luxtechweb.com\\\/wp-content\\\/uploads\\\/2023\\\/04\\\/slider_img-1.png\"},{\"@type\":\"BreadcrumbList\",\"@id\":\"https:\\\/\\\/luxtechweb.com\\\/pricing\\\/#breadcrumb\",\"itemListElement\":[{\"@type\":\"ListItem\",\"position\":1,\"name\":\"Home\",\"item\":\"https:\\\/\\\/luxtechweb.com\\\/\"},{\"@type\":\"ListItem\",\"position\":2,\"name\":\"Pricing\"}]},{\"@type\":\"WebSite\",\"@id\":\"https:\\\/\\\/3.99.75.53\\\/#website\",\"url\":\"https:\\\/\\\/3.99.75.53\\\/\",\"name\":\"Luxtech Web Agency\",\"description\":\"\",\"publisher\":{\"@id\":\"https:\\\/\\\/3.99.75.53\\\/#organization\"},\"potentialAction\":[{\"@type\":\"SearchAction\",\"target\":{\"@type\":\"EntryPoint\",\"urlTemplate\":\"https:\\\/\\\/3.99.75.53\\\/?s={search_term_string}\"},\"query-input\":{\"@type\":\"PropertyValueSpecification\",\"valueRequired\":true,\"valueName\":\"search_term_string\"}}],\"inLanguage\":\"fr-CA\"},{\"@type\":\"Organization\",\"@id\":\"https:\\\/\\\/3.99.75.53\\\/#organization\",\"name\":\"Luxtech Web Agency\",\"url\":\"https:\\\/\\\/3.99.75.53\\\/\",\"logo\":{\"@type\":\"ImageObject\",\"inLanguage\":\"fr-CA\",\"@id\":\"https:\\\/\\\/3.99.75.53\\\/#\\\/schema\\\/logo\\\/image\\\/\",\"url\":\"https:\\\/\\\/luxtechweb.com\\\/wp-content\\\/uploads\\\/2023\\\/04\\\/luxtech_web_logo-0076529.png\",\"contentUrl\":\"https:\\\/\\\/luxtechweb.com\\\/wp-content\\\/uploads\\\/2023\\\/04\\\/luxtech_web_logo-0076529.png\",\"width\":500,\"height\":86,\"caption\":\"Luxtech Web Agency\"},\"image\":{\"@id\":\"https:\\\/\\\/3.99.75.53\\\/#\\\/schema\\\/logo\\\/image\\\/\"}}]}<\/script>\n<!-- \/ Yoast SEO plugin. -->","yoast_head_json":{"title":"Pricing - Luxtech Web Agency Personalized Pricing","description":"online marketing plan, seo, business","robots":{"index":"index","follow":"follow","max-snippet":"max-snippet:-1","max-image-preview":"max-image-preview:large","max-video-preview":"max-video-preview:-1"},"canonical":"https:\/\/luxtechweb.com\/fr\/pricing\/","og_locale":"fr_CA","og_type":"article","og_title":"Pricing - Luxtech Web Agency Personalized Pricing","og_description":"online marketing plan, seo, business","og_url":"https:\/\/luxtechweb.com\/fr\/pricing\/","og_site_name":"Luxtech Web Agency","article_modified_time":"2026-03-24T04:32:32+00:00","og_image":[{"url":"http:\/\/luxtechweb.com\/wp-content\/uploads\/2023\/04\/slider_img-1.png","type":"","width":"","height":""}],"twitter_card":"summary_large_image","twitter_misc":{"Estimation du temps de lecture":"2 minutes"},"schema":{"@context":"https:\/\/schema.org","@graph":[{"@type":"WebPage","@id":"https:\/\/luxtechweb.com\/pricing\/","url":"https:\/\/luxtechweb.com\/pricing\/","name":"Pricing - Luxtech Web Agency Personalized Pricing","isPartOf":{"@id":"https:\/\/3.99.75.53\/#website"},"primaryImageOfPage":{"@id":"https:\/\/luxtechweb.com\/pricing\/#primaryimage"},"image":{"@id":"https:\/\/luxtechweb.com\/pricing\/#primaryimage"},"thumbnailUrl":"http:\/\/luxtechweb.com\/wp-content\/uploads\/2023\/04\/slider_img-1.png","datePublished":"2023-04-12T21:15:10+00:00","dateModified":"2026-03-24T04:32:32+00:00","description":"online marketing plan, seo, business","breadcrumb":{"@id":"https:\/\/luxtechweb.com\/pricing\/#breadcrumb"},"inLanguage":"fr-CA","potentialAction":[{"@type":"ReadAction","target":["https:\/\/luxtechweb.com\/pricing\/"]}]},{"@type":"ImageObject","inLanguage":"fr-CA","@id":"https:\/\/luxtechweb.com\/pricing\/#primaryimage","url":"http:\/\/luxtechweb.com\/wp-content\/uploads\/2023\/04\/slider_img-1.png","contentUrl":"http:\/\/luxtechweb.com\/wp-content\/uploads\/2023\/04\/slider_img-1.png"},{"@type":"BreadcrumbList","@id":"https:\/\/luxtechweb.com\/pricing\/#breadcrumb","itemListElement":[{"@type":"ListItem","position":1,"name":"Home","item":"https:\/\/luxtechweb.com\/"},{"@type":"ListItem","position":2,"name":"Pricing"}]},{"@type":"WebSite","@id":"https:\/\/3.99.75.53\/#website","url":"https:\/\/3.99.75.53\/","name":"Luxtech Web Agency","description":"","publisher":{"@id":"https:\/\/3.99.75.53\/#organization"},"potentialAction":[{"@type":"SearchAction","target":{"@type":"EntryPoint","urlTemplate":"https:\/\/3.99.75.53\/?s={search_term_string}"},"query-input":{"@type":"PropertyValueSpecification","valueRequired":true,"valueName":"search_term_string"}}],"inLanguage":"fr-CA"},{"@type":"Organization","@id":"https:\/\/3.99.75.53\/#organization","name":"Luxtech Web Agency","url":"https:\/\/3.99.75.53\/","logo":{"@type":"ImageObject","inLanguage":"fr-CA","@id":"https:\/\/3.99.75.53\/#\/schema\/logo\/image\/","url":"https:\/\/luxtechweb.com\/wp-content\/uploads\/2023\/04\/luxtech_web_logo-0076529.png","contentUrl":"https:\/\/luxtechweb.com\/wp-content\/uploads\/2023\/04\/luxtech_web_logo-0076529.png","width":500,"height":86,"caption":"Luxtech Web Agency"},"image":{"@id":"https:\/\/3.99.75.53\/#\/schema\/logo\/image\/"}}]}},"uagb_featured_image_src":{"full":false,"thumbnail":false,"medium":false,"medium_large":false,"large":false,"1536x1536":false,"2048x2048":false,"trp-custom-language-flag":false},"uagb_author_info":{"display_name":"user","author_link":"https:\/\/luxtechweb.com\/fr\/author\/user\/"},"uagb_comment_info":0,"uagb_excerpt":"Personalized Pricing Structured for Your Success! At Luxtech Web, our service stands out from our competitors with its speed, superior quality, and commitment to making your life easier. We pride ourselves in offering you a seamless experience from start to finish, without you having to lift a finger. Furthermore, our prices can be up to&hellip;","_links":{"self":[{"href":"https:\/\/luxtechweb.com\/fr\/wp-json\/wp\/v2\/pages\/1840","targetHints":{"allow":["GET"]}}],"collection":[{"href":"https:\/\/luxtechweb.com\/fr\/wp-json\/wp\/v2\/pages"}],"about":[{"href":"https:\/\/luxtechweb.com\/fr\/wp-json\/wp\/v2\/types\/page"}],"author":[{"embeddable":true,"href":"https:\/\/luxtechweb.com\/fr\/wp-json\/wp\/v2\/users\/1"}],"replies":[{"embeddable":true,"href":"https:\/\/luxtechweb.com\/fr\/wp-json\/wp\/v2\/comments?post=1840"}],"version-history":[{"count":69,"href":"https:\/\/luxtechweb.com\/fr\/wp-json\/wp\/v2\/pages\/1840\/revisions"}],"predecessor-version":[{"id":3094,"href":"https:\/\/luxtechweb.com\/fr\/wp-json\/wp\/v2\/pages\/1840\/revisions\/3094"}],"wp:attachment":[{"href":"https:\/\/luxtechweb.com\/fr\/wp-json\/wp\/v2\/media?parent=1840"}],"curies":[{"name":"wp","href":"https:\/\/api.w.org\/{rel}","templated":true}]}}