{"id":1723,"date":"2023-04-11T04:31:59","date_gmt":"2023-04-11T04:31:59","guid":{"rendered":"https:\/\/luxtechweb.com\/?page_id=1723"},"modified":"2026-03-21T05:00:04","modified_gmt":"2026-03-21T05:00:04","slug":"about","status":"publish","type":"page","link":"https:\/\/luxtechweb.com\/fr\/about\/","title":{"rendered":"\u00c0 propos"},"content":{"rendered":"<div data-elementor-type=\"wp-page\" data-elementor-id=\"1723\" class=\"elementor elementor-1723\">\n\t\t\t\t\t\t<section class=\"elementor-section elementor-top-section elementor-element elementor-element-32cb96af elementor-section-content-middle elementor-section-boxed elementor-section-height-default elementor-section-height-default\" data-id=\"32cb96af\" data-element_type=\"section\" data-e-type=\"section\" data-settings=\"{&quot;background_background&quot;:&quot;gradient&quot;,&quot;shape_divider_bottom&quot;:&quot;curve&quot;,&quot;shape_divider_bottom_negative&quot;:&quot;yes&quot;}\">\n\t\t\t\t\t\t\t<div class=\"elementor-background-overlay\"><\/div>\n\t\t\t\t\t\t<div class=\"elementor-shape elementor-shape-bottom\" aria-hidden=\"true\" data-negative=\"true\">\n\t\t\t<svg xmlns=\"http:\/\/www.w3.org\/2000\/svg\" viewbox=\"0 0 1000 100\" preserveaspectratio=\"none\">\n\t<path class=\"elementor-shape-fill\" d=\"M500,97C126.7,96.3,0.8,19.8,0,0v100l1000,0V1C1000,19.4,873.3,97.8,500,97z\"\/>\n<\/svg>\t\t<\/div>\n\t\t\t\t\t<div class=\"elementor-container elementor-column-gap-default\">\n\t\t\t\t\t<div class=\"elementor-column elementor-col-33 elementor-top-column elementor-element elementor-element-d03924f\" data-id=\"d03924f\" data-element_type=\"column\" data-e-type=\"column\">\n\t\t\t<div class=\"elementor-widget-wrap\">\n\t\t\t\t\t\t\t<\/div>\n\t\t<\/div>\n\t\t\t\t<div class=\"elementor-column elementor-col-33 elementor-top-column elementor-element elementor-element-d67abbb\" data-id=\"d67abbb\" data-element_type=\"column\" data-e-type=\"column\">\n\t\t\t<div class=\"elementor-widget-wrap\">\n\t\t\t\t\t\t\t<\/div>\n\t\t<\/div>\n\t\t\t\t<div class=\"elementor-column elementor-col-33 elementor-top-column elementor-element elementor-element-6e62165\" data-id=\"6e62165\" data-element_type=\"column\" data-e-type=\"column\">\n\t\t\t<div class=\"elementor-widget-wrap\">\n\t\t\t\t\t\t\t<\/div>\n\t\t<\/div>\n\t\t\t\t\t<\/div>\n\t\t<\/section>\n\t\t\t\t<section class=\"elementor-section elementor-top-section elementor-element elementor-element-3262452 elementor-section-boxed elementor-section-height-default elementor-section-height-default\" data-id=\"3262452\" data-element_type=\"section\" data-e-type=\"section\">\n\t\t\t\t\t\t<div class=\"elementor-container elementor-column-gap-default\">\n\t\t\t\t\t<div class=\"elementor-column elementor-col-66 elementor-top-column elementor-element elementor-element-65437a3\" data-id=\"65437a3\" data-element_type=\"column\" data-e-type=\"column\">\n\t\t\t<div class=\"elementor-widget-wrap elementor-element-populated\">\n\t\t\t\t\t\t<div class=\"elementor-element elementor-element-dffd572 elementor-widget elementor-widget-heading\" data-id=\"dffd572\" data-element_type=\"widget\" data-e-type=\"widget\" data-widget_type=\"heading.default\">\n\t\t\t\t<div class=\"elementor-widget-container\">\n\t\t\t\t\t<h2 class=\"elementor-heading-title elementor-size-default\">Qui sommes-nous ?<\/h2>\t\t\t\t<\/div>\n\t\t\t\t<\/div>\n\t\t\t\t<div class=\"elementor-element elementor-element-38a308a elementor-widget__width-initial elementor-widget elementor-widget-text-editor\" data-id=\"38a308a\" data-element_type=\"widget\" data-e-type=\"widget\" data-widget_type=\"text-editor.default\">\n\t\t\t\t<div class=\"elementor-widget-container\">\n\t\t\t\t\t\t\t\t\t<p>Nous sommes une \u00e9quipe d'entrepreneurs d\u00e9vou\u00e9s qui ont choisi de combiner leurs connaissances et leurs comp\u00e9tences pour cr\u00e9er Luxtech Web. Forts de plus de 10 ans d'exp\u00e9rience dans les domaines de l\u2019informatique, du marketing et du service client, nous avons d\u00e9cid\u00e9 d\u2019unir nos forces afin d\u2019offrir \u00e0 nos clients des solutions en ligne de haute qualit\u00e9.<\/p><p>Chez Luxtech Web, nous accordons une grande importance \u00e0 certaines valeurs fondamentales : le respect, l'honn\u00eatet\u00e9 et la confiance. Nous croyons fermement que ces valeurs sont essentielles pour \u00e9tablir des relations solides et durables avec nos clients. Notre objectif principal est de vous satisfaire tout au long du processus en fournissant un service personnalis\u00e9 et en tenant pleinement compte de vos besoins.<\/p><p>Nous sommes fiers de proposer des solutions comp\u00e9titives qui allient une qualit\u00e9 exceptionnelle et des d\u00e9lais rapides. Nous comprenons l'importance de la r\u00e9activit\u00e9 et de l'efficacit\u00e9 dans le monde en ligne d'aujourd'hui, c'est pourquoi nous nous engageons \u00e0 fournir des r\u00e9sultats de haute qualit\u00e9 dans les d\u00e9lais convenus.<\/p><p>Que vous ayez besoin d'un site web ou de services de marketing en ligne, nous sommes l\u00e0 pour vous aider \u00e0 atteindre vos objectifs. Notre \u00e9quipe est compos\u00e9e de professionnels passionn\u00e9s et exp\u00e9riment\u00e9s qui suivent constamment les derni\u00e8res tendances et les meilleures pratiques de l'industrie. Nous mettons notre expertise sur la table pour vous aider \u00e0 d\u00e9velopper une pr\u00e9sence en ligne solide et attrayante qui vous d\u00e9marque de la concurrence.<\/p><p>Nous esp\u00e9rons avoir l'occasion de travailler avec vous et de vous aider \u00e0 atteindre vos objectifs en ligne. Contactez-nous d\u00e8s aujourd'hui pour discuter de vos projets et d\u00e9couvrir comment Luxtech Web peut soutenir votre succ\u00e8s en ligne.<\/p>\t\t\t\t\t\t\t\t<\/div>\n\t\t\t\t<\/div>\n\t\t\t\t\t<\/div>\n\t\t<\/div>\n\t\t\t\t<div class=\"elementor-column elementor-col-33 elementor-top-column elementor-element elementor-element-a48b6a8\" data-id=\"a48b6a8\" data-element_type=\"column\" data-e-type=\"column\">\n\t\t\t<div class=\"elementor-widget-wrap elementor-element-populated\">\n\t\t\t\t\t\t<div class=\"elementor-element elementor-element-e3224e4 elementor-widget elementor-widget-image\" data-id=\"e3224e4\" data-element_type=\"widget\" data-e-type=\"widget\" data-widget_type=\"image.default\">\n\t\t\t\t<div class=\"elementor-widget-container\">\n\t\t\t\t\t\t\t\t\t\t\t\t\t\t\t<img fetchpriority=\"high\" decoding=\"async\" width=\"489\" height=\"480\" src=\"https:\/\/luxtechweb.com\/wp-content\/uploads\/2023\/04\/cheap-web-design.webp\" class=\"attachment-full size-full wp-image-1603\" alt=\"websites exemple\" srcset=\"https:\/\/luxtechweb.com\/wp-content\/uploads\/2023\/04\/cheap-web-design.webp 489w, https:\/\/luxtechweb.com\/wp-content\/uploads\/2023\/04\/cheap-web-design-300x294.webp 300w\" sizes=\"(max-width: 489px) 100vw, 489px\" \/>\t\t\t\t\t\t\t\t\t\t\t\t\t\t\t<\/div>\n\t\t\t\t<\/div>\n\t\t\t\t\t<\/div>\n\t\t<\/div>\n\t\t\t\t\t<\/div>\n\t\t<\/section>\n\t\t\t\t<section class=\"elementor-section elementor-top-section elementor-element elementor-element-09ff62e elementor-section-content-middle elementor-reverse-mobile elementor-reverse-tablet elementor-section-boxed elementor-section-height-default elementor-section-height-default\" data-id=\"09ff62e\" data-element_type=\"section\" data-e-type=\"section\" data-settings=\"{&quot;background_background&quot;:&quot;classic&quot;}\">\n\t\t\t\t\t\t<div class=\"elementor-container elementor-column-gap-no\">\n\t\t\t\t\t<div class=\"elementor-column elementor-col-50 elementor-top-column elementor-element elementor-element-cdeca04\" data-id=\"cdeca04\" data-element_type=\"column\" data-e-type=\"column\" data-settings=\"{&quot;background_background&quot;:&quot;classic&quot;}\">\n\t\t\t<div class=\"elementor-widget-wrap\">\n\t\t\t\t\t<div class=\"elementor-background-overlay\"><\/div>\n\t\t\t\t\t\t\t<\/div>\n\t\t<\/div>\n\t\t\t\t<div class=\"elementor-column elementor-col-50 elementor-top-column elementor-element elementor-element-edc1a58\" data-id=\"edc1a58\" data-element_type=\"column\" data-e-type=\"column\">\n\t\t\t<div class=\"elementor-widget-wrap elementor-element-populated\">\n\t\t\t\t\t\t<div class=\"elementor-element elementor-element-49694a8 elementor-widget elementor-widget-heading\" data-id=\"49694a8\" data-element_type=\"widget\" data-e-type=\"widget\" data-widget_type=\"heading.default\">\n\t\t\t\t<div class=\"elementor-widget-container\">\n\t\t\t\t\t<h2 class=\"elementor-heading-title elementor-size-default\">Pourquoi sommes-nous les meilleurs ?<\/h2>\t\t\t\t<\/div>\n\t\t\t\t<\/div>\n\t\t\t\t<div class=\"elementor-element elementor-element-22677d0 elementor-widget elementor-widget-heading\" data-id=\"22677d0\" data-element_type=\"widget\" data-e-type=\"widget\" data-widget_type=\"heading.default\">\n\t\t\t\t<div class=\"elementor-widget-container\">\n\t\t\t\t\t<h6 class=\"elementor-heading-title elementor-size-default\">Conception de solutions sur mesure qui r\u00e9sonnent avec vos clients et les incitent \u00e0 agir.<\/h6>\t\t\t\t<\/div>\n\t\t\t\t<\/div>\n\t\t\t\t<div class=\"elementor-element elementor-element-52a2bfa elementor-widget__width-initial elementor-widget elementor-widget-text-editor\" data-id=\"52a2bfa\" data-element_type=\"widget\" data-e-type=\"widget\" data-widget_type=\"text-editor.default\">\n\t\t\t\t<div class=\"elementor-widget-container\">\n\t\t\t\t\t\t\t\t\t<p>Nous nous engageons \u00e0 fournir des services de site web abordables et de haute qualit\u00e9 aux entreprises de toutes tailles. Nous comprenons que chaque entreprise a des besoins et des budgets diff\u00e9rents, c'est pourquoi nous travaillons en \u00e9troite collaboration avec nos clients pour comprendre leurs objectifs sp\u00e9cifiques et adapter nos plans \u00e0 leurs besoins.<\/p><p>Que vous ayez besoin d'un site web complet avec des fonctionnalit\u00e9s de commerce \u00e9lectronique ou simplement d'un site web d'une page, vous pouvez nous faire confiance pour offrir un service client exceptionnel et un soutien continu tout au long du processus de d\u00e9veloppement du site web. Nous choisir est une \u00e9vidence : vous recevrez un site web sur mesure pour assurer la prosp\u00e9rit\u00e9 de votre entreprise en ligne, le tout \u00e0 un prix qui convient \u00e0 votre budget.<\/p>\t\t\t\t\t\t\t\t<\/div>\n\t\t\t\t<\/div>\n\t\t\t\t\t<\/div>\n\t\t<\/div>\n\t\t\t\t\t<\/div>\n\t\t<\/section>\n\t\t\t\t<\/div>","protected":false},"excerpt":{"rendered":"<p>Nous sommes une \u00e9quipe d\u00e9vou\u00e9e qui a d\u00e9cid\u00e9 de combiner connaissances et comp\u00e9tences pour cr\u00e9er Luxtech Web. Avec plus de 10 ans d'exp\u00e9rience dans les domaines de l'informatique, du marketing et du service client, nous avons d\u00e9cid\u00e9 d\u2019offrir des solutions en ligne de haute qualit\u00e9 \u00e0 nos clients.<\/p>\n<p class=\"read-more\"> <a class=\"\" href=\"https:\/\/luxtechweb.com\/fr\/about\/\"> <span class=\"screen-reader-text\">\u00c0 propos<\/span> Read More \u00bb<\/a><\/p>","protected":false},"author":1,"featured_media":0,"parent":0,"menu_order":0,"comment_status":"closed","ping_status":"closed","template":"","meta":{"_uag_custom_page_level_css":"","site-sidebar-layout":"no-sidebar","site-content-layout":"page-builder","ast-site-content-layout":"full-width-container","site-content-style":"unboxed","site-sidebar-style":"unboxed","ast-global-header-display":"","ast-banner-title-visibility":"","ast-main-header-display":"","ast-hfb-above-header-display":"","ast-hfb-below-header-display":"","ast-hfb-mobile-header-display":"","site-post-title":"disabled","ast-breadcrumbs-content":"","ast-featured-img":"disabled","footer-sml-layout":"","theme-transparent-header-meta":"","adv-header-id-meta":"","stick-header-meta":"","header-above-stick-meta":"","header-main-stick-meta":"","header-below-stick-meta":"","astra-migrate-meta-layouts":"set","footnotes":""},"class_list":["post-1723","page","type-page","status-publish","hentry"],"yoast_head":"<!-- This site is optimized with the Yoast SEO plugin v27.4 - https:\/\/yoast.com\/product\/yoast-seo-wordpress\/ -->\n<title>About - Luxtech Web Agency<\/title>\n<meta name=\"description\" content=\"Luxtechweb development and design company focused on delivering creative solutions for businesses seeking to enhance their digital presence.\" \/>\n<meta name=\"robots\" content=\"index, follow, max-snippet:-1, max-image-preview:large, max-video-preview:-1\" \/>\n<link rel=\"canonical\" href=\"https:\/\/luxtechweb.com\/fr\/about\/\" \/>\n<meta property=\"og:locale\" content=\"fr_CA\" \/>\n<meta property=\"og:type\" content=\"article\" \/>\n<meta property=\"og:title\" content=\"About - Luxtech Web Agency\" \/>\n<meta property=\"og:description\" content=\"Luxtechweb development and design company focused on delivering creative solutions for businesses seeking to enhance their digital presence.\" \/>\n<meta property=\"og:url\" content=\"https:\/\/luxtechweb.com\/fr\/about\/\" \/>\n<meta property=\"og:site_name\" content=\"Luxtech Web Agency\" \/>\n<meta property=\"article:modified_time\" content=\"2026-03-21T05:00:04+00:00\" \/>\n<meta property=\"og:image\" content=\"http:\/\/luxtechweb.com\/wp-content\/uploads\/2023\/04\/cheap-web-design.webp\" \/>\n<meta name=\"twitter:card\" content=\"summary_large_image\" \/>\n<meta name=\"twitter:label1\" content=\"Estimation du temps de lecture\" \/>\n\t<meta name=\"twitter:data1\" content=\"2 minutes\" \/>\n<script type=\"application\/ld+json\" class=\"yoast-schema-graph\">{\"@context\":\"https:\\\/\\\/schema.org\",\"@graph\":[{\"@type\":\"WebPage\",\"@id\":\"https:\\\/\\\/luxtechweb.com\\\/about\\\/\",\"url\":\"https:\\\/\\\/luxtechweb.com\\\/about\\\/\",\"name\":\"About - Luxtech Web Agency\",\"isPartOf\":{\"@id\":\"https:\\\/\\\/3.99.75.53\\\/#website\"},\"primaryImageOfPage\":{\"@id\":\"https:\\\/\\\/luxtechweb.com\\\/about\\\/#primaryimage\"},\"image\":{\"@id\":\"https:\\\/\\\/luxtechweb.com\\\/about\\\/#primaryimage\"},\"thumbnailUrl\":\"http:\\\/\\\/luxtechweb.com\\\/wp-content\\\/uploads\\\/2023\\\/04\\\/cheap-web-design.webp\",\"datePublished\":\"2023-04-11T04:31:59+00:00\",\"dateModified\":\"2026-03-21T05:00:04+00:00\",\"description\":\"Luxtechweb development and design company focused on delivering creative solutions for businesses seeking to enhance their digital presence.\",\"breadcrumb\":{\"@id\":\"https:\\\/\\\/luxtechweb.com\\\/about\\\/#breadcrumb\"},\"inLanguage\":\"fr-CA\",\"potentialAction\":[{\"@type\":\"ReadAction\",\"target\":[\"https:\\\/\\\/luxtechweb.com\\\/about\\\/\"]}]},{\"@type\":\"ImageObject\",\"inLanguage\":\"fr-CA\",\"@id\":\"https:\\\/\\\/luxtechweb.com\\\/about\\\/#primaryimage\",\"url\":\"http:\\\/\\\/luxtechweb.com\\\/wp-content\\\/uploads\\\/2023\\\/04\\\/cheap-web-design.webp\",\"contentUrl\":\"http:\\\/\\\/luxtechweb.com\\\/wp-content\\\/uploads\\\/2023\\\/04\\\/cheap-web-design.webp\"},{\"@type\":\"BreadcrumbList\",\"@id\":\"https:\\\/\\\/luxtechweb.com\\\/about\\\/#breadcrumb\",\"itemListElement\":[{\"@type\":\"ListItem\",\"position\":1,\"name\":\"Home\",\"item\":\"https:\\\/\\\/3.99.75.53\\\/\"},{\"@type\":\"ListItem\",\"position\":2,\"name\":\"About\"}]},{\"@type\":\"WebSite\",\"@id\":\"https:\\\/\\\/3.99.75.53\\\/#website\",\"url\":\"https:\\\/\\\/3.99.75.53\\\/\",\"name\":\"Luxtech Web Agency\",\"description\":\"\",\"publisher\":{\"@id\":\"https:\\\/\\\/3.99.75.53\\\/#organization\"},\"potentialAction\":[{\"@type\":\"SearchAction\",\"target\":{\"@type\":\"EntryPoint\",\"urlTemplate\":\"https:\\\/\\\/3.99.75.53\\\/?s={search_term_string}\"},\"query-input\":{\"@type\":\"PropertyValueSpecification\",\"valueRequired\":true,\"valueName\":\"search_term_string\"}}],\"inLanguage\":\"fr-CA\"},{\"@type\":\"Organization\",\"@id\":\"https:\\\/\\\/3.99.75.53\\\/#organization\",\"name\":\"Luxtech Web Agency\",\"url\":\"https:\\\/\\\/3.99.75.53\\\/\",\"logo\":{\"@type\":\"ImageObject\",\"inLanguage\":\"fr-CA\",\"@id\":\"https:\\\/\\\/3.99.75.53\\\/#\\\/schema\\\/logo\\\/image\\\/\",\"url\":\"https:\\\/\\\/luxtechweb.com\\\/wp-content\\\/uploads\\\/2023\\\/04\\\/luxtech_web_logo-0076529.png\",\"contentUrl\":\"https:\\\/\\\/luxtechweb.com\\\/wp-content\\\/uploads\\\/2023\\\/04\\\/luxtech_web_logo-0076529.png\",\"width\":500,\"height\":86,\"caption\":\"Luxtech Web Agency\"},\"image\":{\"@id\":\"https:\\\/\\\/3.99.75.53\\\/#\\\/schema\\\/logo\\\/image\\\/\"}}]}<\/script>\n<!-- \/ Yoast SEO plugin. -->","yoast_head_json":{"title":"About - Luxtech Web Agency","description":"Luxtechweb development and design company focused on delivering creative solutions for businesses seeking to enhance their digital presence.","robots":{"index":"index","follow":"follow","max-snippet":"max-snippet:-1","max-image-preview":"max-image-preview:large","max-video-preview":"max-video-preview:-1"},"canonical":"https:\/\/luxtechweb.com\/fr\/about\/","og_locale":"fr_CA","og_type":"article","og_title":"About - Luxtech Web Agency","og_description":"Luxtechweb development and design company focused on delivering creative solutions for businesses seeking to enhance their digital presence.","og_url":"https:\/\/luxtechweb.com\/fr\/about\/","og_site_name":"Luxtech Web Agency","article_modified_time":"2026-03-21T05:00:04+00:00","og_image":[{"url":"http:\/\/luxtechweb.com\/wp-content\/uploads\/2023\/04\/cheap-web-design.webp","type":"","width":"","height":""}],"twitter_card":"summary_large_image","twitter_misc":{"Estimation du temps de lecture":"2 minutes"},"schema":{"@context":"https:\/\/schema.org","@graph":[{"@type":"WebPage","@id":"https:\/\/luxtechweb.com\/about\/","url":"https:\/\/luxtechweb.com\/about\/","name":"About - Luxtech Web Agency","isPartOf":{"@id":"https:\/\/3.99.75.53\/#website"},"primaryImageOfPage":{"@id":"https:\/\/luxtechweb.com\/about\/#primaryimage"},"image":{"@id":"https:\/\/luxtechweb.com\/about\/#primaryimage"},"thumbnailUrl":"http:\/\/luxtechweb.com\/wp-content\/uploads\/2023\/04\/cheap-web-design.webp","datePublished":"2023-04-11T04:31:59+00:00","dateModified":"2026-03-21T05:00:04+00:00","description":"Luxtechweb development and design company focused on delivering creative solutions for businesses seeking to enhance their digital presence.","breadcrumb":{"@id":"https:\/\/luxtechweb.com\/about\/#breadcrumb"},"inLanguage":"fr-CA","potentialAction":[{"@type":"ReadAction","target":["https:\/\/luxtechweb.com\/about\/"]}]},{"@type":"ImageObject","inLanguage":"fr-CA","@id":"https:\/\/luxtechweb.com\/about\/#primaryimage","url":"http:\/\/luxtechweb.com\/wp-content\/uploads\/2023\/04\/cheap-web-design.webp","contentUrl":"http:\/\/luxtechweb.com\/wp-content\/uploads\/2023\/04\/cheap-web-design.webp"},{"@type":"BreadcrumbList","@id":"https:\/\/luxtechweb.com\/about\/#breadcrumb","itemListElement":[{"@type":"ListItem","position":1,"name":"Home","item":"https:\/\/3.99.75.53\/"},{"@type":"ListItem","position":2,"name":"About"}]},{"@type":"WebSite","@id":"https:\/\/3.99.75.53\/#website","url":"https:\/\/3.99.75.53\/","name":"Luxtech Web Agency","description":"","publisher":{"@id":"https:\/\/3.99.75.53\/#organization"},"potentialAction":[{"@type":"SearchAction","target":{"@type":"EntryPoint","urlTemplate":"https:\/\/3.99.75.53\/?s={search_term_string}"},"query-input":{"@type":"PropertyValueSpecification","valueRequired":true,"valueName":"search_term_string"}}],"inLanguage":"fr-CA"},{"@type":"Organization","@id":"https:\/\/3.99.75.53\/#organization","name":"Luxtech Web Agency","url":"https:\/\/3.99.75.53\/","logo":{"@type":"ImageObject","inLanguage":"fr-CA","@id":"https:\/\/3.99.75.53\/#\/schema\/logo\/image\/","url":"https:\/\/luxtechweb.com\/wp-content\/uploads\/2023\/04\/luxtech_web_logo-0076529.png","contentUrl":"https:\/\/luxtechweb.com\/wp-content\/uploads\/2023\/04\/luxtech_web_logo-0076529.png","width":500,"height":86,"caption":"Luxtech Web Agency"},"image":{"@id":"https:\/\/3.99.75.53\/#\/schema\/logo\/image\/"}}]}},"uagb_featured_image_src":{"full":false,"thumbnail":false,"medium":false,"medium_large":false,"large":false,"1536x1536":false,"2048x2048":false,"trp-custom-language-flag":false},"uagb_author_info":{"display_name":"user","author_link":"https:\/\/luxtechweb.com\/fr\/author\/user\/"},"uagb_comment_info":0,"uagb_excerpt":"Who Are We? We are a team of dedicated entrepreneurs who have chosen to combine their knowledge and skills to create Luxtech Web. With over 10 years of experience in the fields of IT, marketing, and customer service, we have decided to join forces to offer high-quality online solutions to our clients. At Luxtech Web,&hellip;","_links":{"self":[{"href":"https:\/\/luxtechweb.com\/fr\/wp-json\/wp\/v2\/pages\/1723","targetHints":{"allow":["GET"]}}],"collection":[{"href":"https:\/\/luxtechweb.com\/fr\/wp-json\/wp\/v2\/pages"}],"about":[{"href":"https:\/\/luxtechweb.com\/fr\/wp-json\/wp\/v2\/types\/page"}],"author":[{"embeddable":true,"href":"https:\/\/luxtechweb.com\/fr\/wp-json\/wp\/v2\/users\/1"}],"replies":[{"embeddable":true,"href":"https:\/\/luxtechweb.com\/fr\/wp-json\/wp\/v2\/comments?post=1723"}],"version-history":[{"count":71,"href":"https:\/\/luxtechweb.com\/fr\/wp-json\/wp\/v2\/pages\/1723\/revisions"}],"predecessor-version":[{"id":3076,"href":"https:\/\/luxtechweb.com\/fr\/wp-json\/wp\/v2\/pages\/1723\/revisions\/3076"}],"wp:attachment":[{"href":"https:\/\/luxtechweb.com\/fr\/wp-json\/wp\/v2\/media?parent=1723"}],"curies":[{"name":"wp","href":"https:\/\/api.w.org\/{rel}","templated":true}]}}